{"id":807235,"date":"2023-01-20T10:18:52","date_gmt":"2023-01-20T09:18:52","guid":{"rendered":"https:\/\/keyztone.com\/product\/exchanger-pro\/"},"modified":"2026-01-13T10:57:56","modified_gmt":"2026-01-13T09:57:56","slug":"echangeur-pro","status":"publish","type":"product","link":"https:\/\/keyztone.com\/fr\/produit\/echangeur-pro\/","title":{"rendered":"EXchanger Pro"},"content":{"rendered":"<p>La <strong>nouvelle version de notre c\u00e9l\u00e8bre<\/strong> p\u00e9dale ANALOGIQUE EXchanger. Une p\u00e9dale encore plus pr\u00e9cise vous offrant un contr\u00f4le accru pour remodeler vos micros sans rien changer \u00e0 votre guitare.<\/p>\n","protected":false},"excerpt":{"rendered":"<p>\u2022 Garantie de deux ans<br \/>\n\u2022 Garantie de remboursement de 30\u00a0jours<br \/>\n\u2022 L&rsquo;alimentation n&rsquo;est <strong>pas incluse<\/strong> . La p\u00e9dale utilise une alimentation standard 9V DC centre n\u00e9gatif, courant 75mAh<br \/>\n&#8211; Taille (L x l x h) 117 x 66 x 31 mm<\/p>\n<p><strong>Note :<\/strong><br \/>\n\u2022 Les commandes de l&rsquo;UE seront factur\u00e9es avec un taux de TVA suppl\u00e9mentaire<br \/>\n\u2022 Pour les pays non membres de l&rsquo;UE, sachez que vous devrez payer la TVA et les frais de douane de votre pays<\/p>\n<p><strong>Pour profiter pleinement de la p\u00e9dale, veuillez suivre ces 5 r\u00e8gles :<\/strong><br \/>\n&#8211; R\u00e8gle 1 : Juste apr\u00e8s la guitare, aucun dispositif entre le ReKoil et la guitare.<br \/>\n&#8211; R\u00e8gle 2 : Seulement pour le micro passif (agira comme un \u00e9galiseur sur le micro actif).<br \/>\n&#8211; R\u00e8gle 3 : Connect\u00e9 avec un c\u00e2ble (agira comme un EQ sur le syst\u00e8me sans fil)<br \/>\n&#8211; R\u00e8gle 4 : Pas de saignement dans les aigus sur la guitare<br \/>\n&#8211; R\u00e8gle 5 : Bouton de volume \u00e0 fond<\/p>\n<p><strong>Livraison :<\/strong> France : gratuite \/ Europe : 15\u20ac \/ Monde : 20\u20ac.<\/p>\n<p><strong>Pr\u00e9commande :<\/strong> livraison pr\u00e9vue fin Octobre 2024.<\/p>\n","protected":false},"featured_media":807226,"comment_status":"open","ping_status":"closed","template":"","meta":{"_et_pb_use_builder":"","_et_pb_old_content":"","_et_gb_content_width":"","content-type":""},"product_brand":[],"product_cat":[69,68],"product_tag":[92,72,71,93],"class_list":{"0":"post-807235","1":"product","2":"type-product","3":"status-publish","4":"has-post-thumbnail","6":"product_cat-enhancer-fr","7":"product_cat-pedale","8":"product_tag-enhancer-fr","9":"product_tag-guitare","10":"product_tag-pedale","11":"product_tag-pickup-fr","12":"product_shipping_class-normal-fr","14":"first","15":"onbackorder","16":"taxable","17":"shipping-taxable","18":"purchasable","19":"product-type-simple"},"acf":[],"yoast_head":"<!-- This site is optimized with the Yoast SEO plugin v25.0 - https:\/\/yoast.com\/wordpress\/plugins\/seo\/ -->\n<title>EXchanger Pro - Keyztone<\/title>\n<meta name=\"robots\" content=\"index, follow, max-snippet:-1, max-image-preview:large, max-video-preview:-1\" \/>\n<link rel=\"canonical\" href=\"https:\/\/keyztone.com\/fr\/produit\/echangeur-pro\/\" \/>\n<meta property=\"og:locale\" content=\"fr_FR\" \/>\n<meta property=\"og:type\" content=\"article\" \/>\n<meta property=\"og:title\" content=\"EXchanger Pro - Keyztone\" \/>\n<meta property=\"og:description\" content=\"\u2022 Garantie de deux ans \u2022 Garantie de remboursement de 30\u00a0jours \u2022 L&#039;alimentation n&#039;est pas incluse . La p\u00e9dale utilise une alimentation standard 9V DC centre n\u00e9gatif, courant 75mAh - Taille (L x l x h) 117 x 66 x 31 mm  Note : \u2022 Les commandes de l&#039;UE seront factur\u00e9es avec un taux de TVA suppl\u00e9mentaire \u2022 Pour les pays non membres de l&#039;UE, sachez que vous devrez payer la TVA et les frais de douane de votre pays  Pour profiter pleinement de la p\u00e9dale, veuillez suivre ces 5 r\u00e8gles : - R\u00e8gle 1 : Juste apr\u00e8s la guitare, aucun dispositif entre le ReKoil et la guitare. - R\u00e8gle 2 : Seulement pour le micro passif (agira comme un \u00e9galiseur sur le micro actif). - R\u00e8gle 3 : Connect\u00e9 avec un c\u00e2ble (agira comme un EQ sur le syst\u00e8me sans fil) - R\u00e8gle 4 : Pas de saignement dans les aigus sur la guitare - R\u00e8gle 5 : Bouton de volume \u00e0 fond  Livraison : France : gratuite \/ Europe : 15\u20ac \/ Monde : 20\u20ac.  Pr\u00e9commande : livraison pr\u00e9vue fin Octobre 2024.\" \/>\n<meta property=\"og:url\" content=\"https:\/\/keyztone.com\/fr\/produit\/echangeur-pro\/\" \/>\n<meta property=\"og:site_name\" content=\"Keyztone\" \/>\n<meta property=\"article:publisher\" content=\"https:\/\/www.facebook.com\/keyztone\" \/>\n<meta property=\"article:modified_time\" content=\"2026-01-13T09:57:56+00:00\" \/>\n<meta property=\"og:image\" content=\"https:\/\/keyztone.com\/wp-content\/uploads\/2023\/01\/img_EX_Pro.jpg\" \/>\n\t<meta property=\"og:image:width\" content=\"1200\" \/>\n\t<meta property=\"og:image:height\" content=\"1200\" \/>\n\t<meta property=\"og:image:type\" content=\"image\/jpeg\" \/>\n<meta name=\"twitter:card\" content=\"summary_large_image\" \/>\n<meta name=\"twitter:label1\" content=\"Dur\u00e9e de lecture estim\u00e9e\" \/>\n\t<meta name=\"twitter:data1\" content=\"1 minute\" \/>\n<script type=\"application\/ld+json\" class=\"yoast-schema-graph\">{\"@context\":\"https:\/\/schema.org\",\"@graph\":[{\"@type\":\"WebPage\",\"@id\":\"https:\/\/keyztone.com\/fr\/produit\/echangeur-pro\/\",\"url\":\"https:\/\/keyztone.com\/fr\/produit\/echangeur-pro\/\",\"name\":\"EXchanger Pro - Keyztone\",\"isPartOf\":{\"@id\":\"https:\/\/keyztone.com\/#website\"},\"primaryImageOfPage\":{\"@id\":\"https:\/\/keyztone.com\/fr\/produit\/echangeur-pro\/#primaryimage\"},\"image\":{\"@id\":\"https:\/\/keyztone.com\/fr\/produit\/echangeur-pro\/#primaryimage\"},\"thumbnailUrl\":\"https:\/\/keyztone.com\/wp-content\/uploads\/2023\/01\/img_EX_Pro.jpg\",\"datePublished\":\"2023-01-20T09:18:52+00:00\",\"dateModified\":\"2026-01-13T09:57:56+00:00\",\"breadcrumb\":{\"@id\":\"https:\/\/keyztone.com\/fr\/produit\/echangeur-pro\/#breadcrumb\"},\"inLanguage\":\"fr-FR\",\"potentialAction\":[{\"@type\":\"ReadAction\",\"target\":[\"https:\/\/keyztone.com\/fr\/produit\/echangeur-pro\/\"]}]},{\"@type\":\"ImageObject\",\"inLanguage\":\"fr-FR\",\"@id\":\"https:\/\/keyztone.com\/fr\/produit\/echangeur-pro\/#primaryimage\",\"url\":\"https:\/\/keyztone.com\/wp-content\/uploads\/2023\/01\/img_EX_Pro.jpg\",\"contentUrl\":\"https:\/\/keyztone.com\/wp-content\/uploads\/2023\/01\/img_EX_Pro.jpg\",\"width\":1200,\"height\":1200},{\"@type\":\"BreadcrumbList\",\"@id\":\"https:\/\/keyztone.com\/fr\/produit\/echangeur-pro\/#breadcrumb\",\"itemListElement\":[{\"@type\":\"ListItem\",\"position\":1,\"name\":\"Home\",\"item\":\"https:\/\/keyztone.com\/fr\/\"},{\"@type\":\"ListItem\",\"position\":2,\"name\":\"Shop\",\"item\":\"https:\/\/keyztone.com\/shop\/\"},{\"@type\":\"ListItem\",\"position\":3,\"name\":\"EXchanger Pro\"}]},{\"@type\":\"WebSite\",\"@id\":\"https:\/\/keyztone.com\/#website\",\"url\":\"https:\/\/keyztone.com\/\",\"name\":\"Keyztone\",\"description\":\"Effect Pedals Bass Guitar Analog EXchanger Wahouwah\",\"publisher\":{\"@id\":\"https:\/\/keyztone.com\/#organization\"},\"potentialAction\":[{\"@type\":\"SearchAction\",\"target\":{\"@type\":\"EntryPoint\",\"urlTemplate\":\"https:\/\/keyztone.com\/?s={search_term_string}\"},\"query-input\":{\"@type\":\"PropertyValueSpecification\",\"valueRequired\":true,\"valueName\":\"search_term_string\"}}],\"inLanguage\":\"fr-FR\"},{\"@type\":\"Organization\",\"@id\":\"https:\/\/keyztone.com\/#organization\",\"name\":\"Keyztone\",\"url\":\"https:\/\/keyztone.com\/\",\"logo\":{\"@type\":\"ImageObject\",\"inLanguage\":\"fr-FR\",\"@id\":\"https:\/\/keyztone.com\/#\/schema\/logo\/image\/\",\"url\":\"https:\/\/keyztone.com\/wp-content\/uploads\/2022\/01\/LogoShop.jpg\",\"contentUrl\":\"https:\/\/keyztone.com\/wp-content\/uploads\/2022\/01\/LogoShop.jpg\",\"width\":250,\"height\":250,\"caption\":\"Keyztone\"},\"image\":{\"@id\":\"https:\/\/keyztone.com\/#\/schema\/logo\/image\/\"},\"sameAs\":[\"https:\/\/www.facebook.com\/keyztone\",\"https:\/\/www.instagram.com\/keyztone_fr\/\"]}]}<\/script>\n<!-- \/ Yoast SEO plugin. -->","yoast_head_json":{"title":"EXchanger Pro - Keyztone","robots":{"index":"index","follow":"follow","max-snippet":"max-snippet:-1","max-image-preview":"max-image-preview:large","max-video-preview":"max-video-preview:-1"},"canonical":"https:\/\/keyztone.com\/fr\/produit\/echangeur-pro\/","og_locale":"fr_FR","og_type":"article","og_title":"EXchanger Pro - Keyztone","og_description":"\u2022 Garantie de deux ans \u2022 Garantie de remboursement de 30\u00a0jours \u2022 L'alimentation n'est pas incluse . La p\u00e9dale utilise une alimentation standard 9V DC centre n\u00e9gatif, courant 75mAh - Taille (L x l x h) 117 x 66 x 31 mm  Note : \u2022 Les commandes de l'UE seront factur\u00e9es avec un taux de TVA suppl\u00e9mentaire \u2022 Pour les pays non membres de l'UE, sachez que vous devrez payer la TVA et les frais de douane de votre pays  Pour profiter pleinement de la p\u00e9dale, veuillez suivre ces 5 r\u00e8gles : - R\u00e8gle 1 : Juste apr\u00e8s la guitare, aucun dispositif entre le ReKoil et la guitare. - R\u00e8gle 2 : Seulement pour le micro passif (agira comme un \u00e9galiseur sur le micro actif). - R\u00e8gle 3 : Connect\u00e9 avec un c\u00e2ble (agira comme un EQ sur le syst\u00e8me sans fil) - R\u00e8gle 4 : Pas de saignement dans les aigus sur la guitare - R\u00e8gle 5 : Bouton de volume \u00e0 fond  Livraison : France : gratuite \/ Europe : 15\u20ac \/ Monde : 20\u20ac.  Pr\u00e9commande : livraison pr\u00e9vue fin Octobre 2024.","og_url":"https:\/\/keyztone.com\/fr\/produit\/echangeur-pro\/","og_site_name":"Keyztone","article_publisher":"https:\/\/www.facebook.com\/keyztone","article_modified_time":"2026-01-13T09:57:56+00:00","og_image":[{"width":1200,"height":1200,"url":"https:\/\/keyztone.com\/wp-content\/uploads\/2023\/01\/img_EX_Pro.jpg","type":"image\/jpeg"}],"twitter_card":"summary_large_image","twitter_misc":{"Dur\u00e9e de lecture estim\u00e9e":"1 minute"},"schema":{"@context":"https:\/\/schema.org","@graph":[{"@type":"WebPage","@id":"https:\/\/keyztone.com\/fr\/produit\/echangeur-pro\/","url":"https:\/\/keyztone.com\/fr\/produit\/echangeur-pro\/","name":"EXchanger Pro - Keyztone","isPartOf":{"@id":"https:\/\/keyztone.com\/#website"},"primaryImageOfPage":{"@id":"https:\/\/keyztone.com\/fr\/produit\/echangeur-pro\/#primaryimage"},"image":{"@id":"https:\/\/keyztone.com\/fr\/produit\/echangeur-pro\/#primaryimage"},"thumbnailUrl":"https:\/\/keyztone.com\/wp-content\/uploads\/2023\/01\/img_EX_Pro.jpg","datePublished":"2023-01-20T09:18:52+00:00","dateModified":"2026-01-13T09:57:56+00:00","breadcrumb":{"@id":"https:\/\/keyztone.com\/fr\/produit\/echangeur-pro\/#breadcrumb"},"inLanguage":"fr-FR","potentialAction":[{"@type":"ReadAction","target":["https:\/\/keyztone.com\/fr\/produit\/echangeur-pro\/"]}]},{"@type":"ImageObject","inLanguage":"fr-FR","@id":"https:\/\/keyztone.com\/fr\/produit\/echangeur-pro\/#primaryimage","url":"https:\/\/keyztone.com\/wp-content\/uploads\/2023\/01\/img_EX_Pro.jpg","contentUrl":"https:\/\/keyztone.com\/wp-content\/uploads\/2023\/01\/img_EX_Pro.jpg","width":1200,"height":1200},{"@type":"BreadcrumbList","@id":"https:\/\/keyztone.com\/fr\/produit\/echangeur-pro\/#breadcrumb","itemListElement":[{"@type":"ListItem","position":1,"name":"Home","item":"https:\/\/keyztone.com\/fr\/"},{"@type":"ListItem","position":2,"name":"Shop","item":"https:\/\/keyztone.com\/shop\/"},{"@type":"ListItem","position":3,"name":"EXchanger Pro"}]},{"@type":"WebSite","@id":"https:\/\/keyztone.com\/#website","url":"https:\/\/keyztone.com\/","name":"Keyztone","description":"Effect Pedals Bass Guitar Analog EXchanger Wahouwah","publisher":{"@id":"https:\/\/keyztone.com\/#organization"},"potentialAction":[{"@type":"SearchAction","target":{"@type":"EntryPoint","urlTemplate":"https:\/\/keyztone.com\/?s={search_term_string}"},"query-input":{"@type":"PropertyValueSpecification","valueRequired":true,"valueName":"search_term_string"}}],"inLanguage":"fr-FR"},{"@type":"Organization","@id":"https:\/\/keyztone.com\/#organization","name":"Keyztone","url":"https:\/\/keyztone.com\/","logo":{"@type":"ImageObject","inLanguage":"fr-FR","@id":"https:\/\/keyztone.com\/#\/schema\/logo\/image\/","url":"https:\/\/keyztone.com\/wp-content\/uploads\/2022\/01\/LogoShop.jpg","contentUrl":"https:\/\/keyztone.com\/wp-content\/uploads\/2022\/01\/LogoShop.jpg","width":250,"height":250,"caption":"Keyztone"},"image":{"@id":"https:\/\/keyztone.com\/#\/schema\/logo\/image\/"},"sameAs":["https:\/\/www.facebook.com\/keyztone","https:\/\/www.instagram.com\/keyztone_fr\/"]}]}},"jetpack_sharing_enabled":true,"_links":{"self":[{"href":"https:\/\/keyztone.com\/fr\/wp-json\/wp\/v2\/product\/807235","targetHints":{"allow":["GET"]}}],"collection":[{"href":"https:\/\/keyztone.com\/fr\/wp-json\/wp\/v2\/product"}],"about":[{"href":"https:\/\/keyztone.com\/fr\/wp-json\/wp\/v2\/types\/product"}],"replies":[{"embeddable":true,"href":"https:\/\/keyztone.com\/fr\/wp-json\/wp\/v2\/comments?post=807235"}],"wp:featuredmedia":[{"embeddable":true,"href":"https:\/\/keyztone.com\/fr\/wp-json\/wp\/v2\/media\/807226"}],"wp:attachment":[{"href":"https:\/\/keyztone.com\/fr\/wp-json\/wp\/v2\/media?parent=807235"}],"wp:term":[{"taxonomy":"product_brand","embeddable":true,"href":"https:\/\/keyztone.com\/fr\/wp-json\/wp\/v2\/product_brand?post=807235"},{"taxonomy":"product_cat","embeddable":true,"href":"https:\/\/keyztone.com\/fr\/wp-json\/wp\/v2\/product_cat?post=807235"},{"taxonomy":"product_tag","embeddable":true,"href":"https:\/\/keyztone.com\/fr\/wp-json\/wp\/v2\/product_tag?post=807235"}],"curies":[{"name":"wp","href":"https:\/\/api.w.org\/{rel}","templated":true}]}}