{"id":800830,"date":"2022-05-07T16:07:10","date_gmt":"2022-05-07T14:07:10","guid":{"rendered":"https:\/\/keyztone.com\/product\/rekoil\/"},"modified":"2023-05-08T08:44:20","modified_gmt":"2023-05-08T06:44:20","slug":"black_rekoil","status":"publish","type":"product","link":"https:\/\/keyztone.com\/fr\/produit\/black_rekoil\/","title":{"rendered":"Black ReKoil"},"content":{"rendered":"<p><strong>UNE INJECTION DE PUISSANCE POUR MICRO SIMPLE<\/strong><br \/>\nLa Black ReKoil a \u00e9t\u00e9 con\u00e7ue pour convertir les micros simple bobinage vers des micros double bobinages (humbucker). Elle vous donnera un son chaud et puissant avec une forte pr\u00e9sence des fr\u00e9quences m\u00e9diums et basses.<br \/>\nId\u00e9ale pour les gros sons satur\u00e9s et des sons clair riches et voluptueux.<br \/>\nAttendez vous \u00e0 du r\u00e9pondant sous les doigts.<\/p>\n","protected":false},"excerpt":{"rendered":"<p>\u2022 Garantie de deux ans<br \/>\n\u2022 Garantie de remboursement de 30\u00a0jours<br \/>\n\u2022 L&rsquo;alimentation n&rsquo;est <strong>pas incluse<\/strong> . La p\u00e9dale utilise une alimentation standard 9V \u00e0 18V DC centre n\u00e9gatif, courant 15mAh<br \/>\n\u2022 Taille (L x l x h) 70 x 30 x 30 mm \/ 4.72 x 3.34 x 1.3 in<\/p>\n<p><strong>Note :<\/strong><br \/>\n\u2022 Les commandes de l&rsquo;UE seront factur\u00e9es avec un taux de TVA suppl\u00e9mentaire<br \/>\n\u2022 Pour les pays non membres de l&rsquo;UE, sachez que vous devrez payer la TVA et les frais de douane de votre pays<\/p>\n<p><strong>Pour vraiment profiter de la p\u00e9dale, veuillez suivre ces 5 r\u00e8gles :<\/strong><br \/>\n\u2022 R\u00e8gle 1 : Juste apr\u00e8s la guitare, pas d&rsquo;appareil entre le ReKoil et la guitare<br \/>\n\u2022 R\u00e8gle\u00a02\u00a0: Uniquement pour le micro passif (agira comme un \u00e9galiseur sur le micro actif)<br \/>\n\u2022 R\u00e8gle 3 : Connect\u00e9e avec un c\u00e2ble (agira comme un \u00e9galiseur sur un syst\u00e8me sans fil)<br \/>\n\u2022 R\u00e8gle 4 : Pas de \u00ab\u00a0treble bleed\u00a0\u00bb sur la guitare<br \/>\n\u2022 R\u00e8gle 5 : Potard de volume \u00e0 fond<\/p>\n<p><strong>Exp\u00e9dition :<\/strong> France : 5\u20ac \/ Europe : 10\u20ac \/ Monde : 15\u20ac<\/p>\n","protected":false},"featured_media":801445,"comment_status":"closed","ping_status":"closed","template":"","meta":{"_et_pb_use_builder":"","_et_pb_old_content":"","_et_gb_content_width":"","content-type":""},"product_brand":[],"product_cat":[69,68],"product_tag":[92,72,71,93],"class_list":{"0":"post-800830","1":"product","2":"type-product","3":"status-publish","4":"has-post-thumbnail","6":"product_cat-enhancer-fr","7":"product_cat-pedale","8":"product_tag-enhancer-fr","9":"product_tag-guitare","10":"product_tag-pedale","11":"product_tag-pickup-fr","12":"product_shipping_class-low-fr","14":"first","15":"outofstock","16":"taxable","17":"shipping-taxable","18":"purchasable","19":"product-type-simple"},"acf":[],"yoast_head":"<!-- This site is optimized with the Yoast SEO plugin v25.0 - https:\/\/yoast.com\/wordpress\/plugins\/seo\/ -->\n<title>Black ReKoil - Keyztone<\/title>\n<meta name=\"robots\" content=\"index, follow, max-snippet:-1, max-image-preview:large, max-video-preview:-1\" \/>\n<link rel=\"canonical\" href=\"https:\/\/keyztone.com\/fr\/produit\/black_rekoil\/\" \/>\n<meta property=\"og:locale\" content=\"fr_FR\" \/>\n<meta property=\"og:type\" content=\"article\" \/>\n<meta property=\"og:title\" content=\"Black ReKoil - Keyztone\" \/>\n<meta property=\"og:description\" content=\"\u2022 Garantie de deux ans \u2022 Garantie de remboursement de 30\u00a0jours \u2022 L&#039;alimentation n&#039;est pas incluse . La p\u00e9dale utilise une alimentation standard 9V \u00e0 18V DC centre n\u00e9gatif, courant 15mAh \u2022 Taille (L x l x h) 70 x 30 x 30 mm \/ 4.72 x 3.34 x 1.3 in  Note : \u2022 Les commandes de l&#039;UE seront factur\u00e9es avec un taux de TVA suppl\u00e9mentaire \u2022 Pour les pays non membres de l&#039;UE, sachez que vous devrez payer la TVA et les frais de douane de votre pays  Pour vraiment profiter de la p\u00e9dale, veuillez suivre ces 5 r\u00e8gles : \u2022 R\u00e8gle 1 : Juste apr\u00e8s la guitare, pas d&#039;appareil entre le ReKoil et la guitare \u2022 R\u00e8gle\u00a02\u00a0: Uniquement pour le micro passif (agira comme un \u00e9galiseur sur le micro actif) \u2022 R\u00e8gle 3 : Connect\u00e9e avec un c\u00e2ble (agira comme un \u00e9galiseur sur un syst\u00e8me sans fil) \u2022 R\u00e8gle 4 : Pas de &quot;treble bleed&quot; sur la guitare \u2022 R\u00e8gle 5 : Potard de volume \u00e0 fond  Exp\u00e9dition : France : 5\u20ac \/ Europe : 10\u20ac \/ Monde : 15\u20ac\" \/>\n<meta property=\"og:url\" content=\"https:\/\/keyztone.com\/fr\/produit\/black_rekoil\/\" \/>\n<meta property=\"og:site_name\" content=\"Keyztone\" \/>\n<meta property=\"article:publisher\" content=\"https:\/\/www.facebook.com\/keyztone\" \/>\n<meta property=\"article:modified_time\" content=\"2023-05-08T06:44:20+00:00\" \/>\n<meta property=\"og:image\" content=\"https:\/\/keyztone.com\/wp-content\/uploads\/2022\/05\/img_rekoil_SH-1.png\" \/>\n\t<meta property=\"og:image:width\" content=\"1200\" \/>\n\t<meta property=\"og:image:height\" content=\"1200\" \/>\n\t<meta property=\"og:image:type\" content=\"image\/png\" \/>\n<meta name=\"twitter:card\" content=\"summary_large_image\" \/>\n<script type=\"application\/ld+json\" class=\"yoast-schema-graph\">{\"@context\":\"https:\/\/schema.org\",\"@graph\":[{\"@type\":\"WebPage\",\"@id\":\"https:\/\/keyztone.com\/fr\/produit\/black_rekoil\/\",\"url\":\"https:\/\/keyztone.com\/fr\/produit\/black_rekoil\/\",\"name\":\"Black ReKoil - Keyztone\",\"isPartOf\":{\"@id\":\"https:\/\/keyztone.com\/#website\"},\"primaryImageOfPage\":{\"@id\":\"https:\/\/keyztone.com\/fr\/produit\/black_rekoil\/#primaryimage\"},\"image\":{\"@id\":\"https:\/\/keyztone.com\/fr\/produit\/black_rekoil\/#primaryimage\"},\"thumbnailUrl\":\"https:\/\/keyztone.com\/wp-content\/uploads\/2022\/05\/img_rekoil_SH-1.png\",\"datePublished\":\"2022-05-07T14:07:10+00:00\",\"dateModified\":\"2023-05-08T06:44:20+00:00\",\"breadcrumb\":{\"@id\":\"https:\/\/keyztone.com\/fr\/produit\/black_rekoil\/#breadcrumb\"},\"inLanguage\":\"fr-FR\",\"potentialAction\":[{\"@type\":\"ReadAction\",\"target\":[\"https:\/\/keyztone.com\/fr\/produit\/black_rekoil\/\"]}]},{\"@type\":\"ImageObject\",\"inLanguage\":\"fr-FR\",\"@id\":\"https:\/\/keyztone.com\/fr\/produit\/black_rekoil\/#primaryimage\",\"url\":\"https:\/\/keyztone.com\/wp-content\/uploads\/2022\/05\/img_rekoil_SH-1.png\",\"contentUrl\":\"https:\/\/keyztone.com\/wp-content\/uploads\/2022\/05\/img_rekoil_SH-1.png\",\"width\":1200,\"height\":1200},{\"@type\":\"BreadcrumbList\",\"@id\":\"https:\/\/keyztone.com\/fr\/produit\/black_rekoil\/#breadcrumb\",\"itemListElement\":[{\"@type\":\"ListItem\",\"position\":1,\"name\":\"Home\",\"item\":\"https:\/\/keyztone.com\/fr\/\"},{\"@type\":\"ListItem\",\"position\":2,\"name\":\"Shop\",\"item\":\"https:\/\/keyztone.com\/shop\/\"},{\"@type\":\"ListItem\",\"position\":3,\"name\":\"Black ReKoil\"}]},{\"@type\":\"WebSite\",\"@id\":\"https:\/\/keyztone.com\/#website\",\"url\":\"https:\/\/keyztone.com\/\",\"name\":\"Keyztone\",\"description\":\"Effect Pedals Bass Guitar Analog EXchanger Wahouwah\",\"publisher\":{\"@id\":\"https:\/\/keyztone.com\/#organization\"},\"potentialAction\":[{\"@type\":\"SearchAction\",\"target\":{\"@type\":\"EntryPoint\",\"urlTemplate\":\"https:\/\/keyztone.com\/?s={search_term_string}\"},\"query-input\":{\"@type\":\"PropertyValueSpecification\",\"valueRequired\":true,\"valueName\":\"search_term_string\"}}],\"inLanguage\":\"fr-FR\"},{\"@type\":\"Organization\",\"@id\":\"https:\/\/keyztone.com\/#organization\",\"name\":\"Keyztone\",\"url\":\"https:\/\/keyztone.com\/\",\"logo\":{\"@type\":\"ImageObject\",\"inLanguage\":\"fr-FR\",\"@id\":\"https:\/\/keyztone.com\/#\/schema\/logo\/image\/\",\"url\":\"https:\/\/keyztone.com\/wp-content\/uploads\/2022\/01\/LogoShop.jpg\",\"contentUrl\":\"https:\/\/keyztone.com\/wp-content\/uploads\/2022\/01\/LogoShop.jpg\",\"width\":250,\"height\":250,\"caption\":\"Keyztone\"},\"image\":{\"@id\":\"https:\/\/keyztone.com\/#\/schema\/logo\/image\/\"},\"sameAs\":[\"https:\/\/www.facebook.com\/keyztone\",\"https:\/\/www.instagram.com\/keyztone_fr\/\"]}]}<\/script>\n<!-- \/ Yoast SEO plugin. -->","yoast_head_json":{"title":"Black ReKoil - Keyztone","robots":{"index":"index","follow":"follow","max-snippet":"max-snippet:-1","max-image-preview":"max-image-preview:large","max-video-preview":"max-video-preview:-1"},"canonical":"https:\/\/keyztone.com\/fr\/produit\/black_rekoil\/","og_locale":"fr_FR","og_type":"article","og_title":"Black ReKoil - Keyztone","og_description":"\u2022 Garantie de deux ans \u2022 Garantie de remboursement de 30\u00a0jours \u2022 L'alimentation n'est pas incluse . La p\u00e9dale utilise une alimentation standard 9V \u00e0 18V DC centre n\u00e9gatif, courant 15mAh \u2022 Taille (L x l x h) 70 x 30 x 30 mm \/ 4.72 x 3.34 x 1.3 in  Note : \u2022 Les commandes de l'UE seront factur\u00e9es avec un taux de TVA suppl\u00e9mentaire \u2022 Pour les pays non membres de l'UE, sachez que vous devrez payer la TVA et les frais de douane de votre pays  Pour vraiment profiter de la p\u00e9dale, veuillez suivre ces 5 r\u00e8gles : \u2022 R\u00e8gle 1 : Juste apr\u00e8s la guitare, pas d'appareil entre le ReKoil et la guitare \u2022 R\u00e8gle\u00a02\u00a0: Uniquement pour le micro passif (agira comme un \u00e9galiseur sur le micro actif) \u2022 R\u00e8gle 3 : Connect\u00e9e avec un c\u00e2ble (agira comme un \u00e9galiseur sur un syst\u00e8me sans fil) \u2022 R\u00e8gle 4 : Pas de \"treble bleed\" sur la guitare \u2022 R\u00e8gle 5 : Potard de volume \u00e0 fond  Exp\u00e9dition : France : 5\u20ac \/ Europe : 10\u20ac \/ Monde : 15\u20ac","og_url":"https:\/\/keyztone.com\/fr\/produit\/black_rekoil\/","og_site_name":"Keyztone","article_publisher":"https:\/\/www.facebook.com\/keyztone","article_modified_time":"2023-05-08T06:44:20+00:00","og_image":[{"width":1200,"height":1200,"url":"https:\/\/keyztone.com\/wp-content\/uploads\/2022\/05\/img_rekoil_SH-1.png","type":"image\/png"}],"twitter_card":"summary_large_image","schema":{"@context":"https:\/\/schema.org","@graph":[{"@type":"WebPage","@id":"https:\/\/keyztone.com\/fr\/produit\/black_rekoil\/","url":"https:\/\/keyztone.com\/fr\/produit\/black_rekoil\/","name":"Black ReKoil - Keyztone","isPartOf":{"@id":"https:\/\/keyztone.com\/#website"},"primaryImageOfPage":{"@id":"https:\/\/keyztone.com\/fr\/produit\/black_rekoil\/#primaryimage"},"image":{"@id":"https:\/\/keyztone.com\/fr\/produit\/black_rekoil\/#primaryimage"},"thumbnailUrl":"https:\/\/keyztone.com\/wp-content\/uploads\/2022\/05\/img_rekoil_SH-1.png","datePublished":"2022-05-07T14:07:10+00:00","dateModified":"2023-05-08T06:44:20+00:00","breadcrumb":{"@id":"https:\/\/keyztone.com\/fr\/produit\/black_rekoil\/#breadcrumb"},"inLanguage":"fr-FR","potentialAction":[{"@type":"ReadAction","target":["https:\/\/keyztone.com\/fr\/produit\/black_rekoil\/"]}]},{"@type":"ImageObject","inLanguage":"fr-FR","@id":"https:\/\/keyztone.com\/fr\/produit\/black_rekoil\/#primaryimage","url":"https:\/\/keyztone.com\/wp-content\/uploads\/2022\/05\/img_rekoil_SH-1.png","contentUrl":"https:\/\/keyztone.com\/wp-content\/uploads\/2022\/05\/img_rekoil_SH-1.png","width":1200,"height":1200},{"@type":"BreadcrumbList","@id":"https:\/\/keyztone.com\/fr\/produit\/black_rekoil\/#breadcrumb","itemListElement":[{"@type":"ListItem","position":1,"name":"Home","item":"https:\/\/keyztone.com\/fr\/"},{"@type":"ListItem","position":2,"name":"Shop","item":"https:\/\/keyztone.com\/shop\/"},{"@type":"ListItem","position":3,"name":"Black ReKoil"}]},{"@type":"WebSite","@id":"https:\/\/keyztone.com\/#website","url":"https:\/\/keyztone.com\/","name":"Keyztone","description":"Effect Pedals Bass Guitar Analog EXchanger Wahouwah","publisher":{"@id":"https:\/\/keyztone.com\/#organization"},"potentialAction":[{"@type":"SearchAction","target":{"@type":"EntryPoint","urlTemplate":"https:\/\/keyztone.com\/?s={search_term_string}"},"query-input":{"@type":"PropertyValueSpecification","valueRequired":true,"valueName":"search_term_string"}}],"inLanguage":"fr-FR"},{"@type":"Organization","@id":"https:\/\/keyztone.com\/#organization","name":"Keyztone","url":"https:\/\/keyztone.com\/","logo":{"@type":"ImageObject","inLanguage":"fr-FR","@id":"https:\/\/keyztone.com\/#\/schema\/logo\/image\/","url":"https:\/\/keyztone.com\/wp-content\/uploads\/2022\/01\/LogoShop.jpg","contentUrl":"https:\/\/keyztone.com\/wp-content\/uploads\/2022\/01\/LogoShop.jpg","width":250,"height":250,"caption":"Keyztone"},"image":{"@id":"https:\/\/keyztone.com\/#\/schema\/logo\/image\/"},"sameAs":["https:\/\/www.facebook.com\/keyztone","https:\/\/www.instagram.com\/keyztone_fr\/"]}]}},"jetpack_sharing_enabled":true,"_links":{"self":[{"href":"https:\/\/keyztone.com\/fr\/wp-json\/wp\/v2\/product\/800830","targetHints":{"allow":["GET"]}}],"collection":[{"href":"https:\/\/keyztone.com\/fr\/wp-json\/wp\/v2\/product"}],"about":[{"href":"https:\/\/keyztone.com\/fr\/wp-json\/wp\/v2\/types\/product"}],"replies":[{"embeddable":true,"href":"https:\/\/keyztone.com\/fr\/wp-json\/wp\/v2\/comments?post=800830"}],"wp:featuredmedia":[{"embeddable":true,"href":"https:\/\/keyztone.com\/fr\/wp-json\/wp\/v2\/media\/801445"}],"wp:attachment":[{"href":"https:\/\/keyztone.com\/fr\/wp-json\/wp\/v2\/media?parent=800830"}],"wp:term":[{"taxonomy":"product_brand","embeddable":true,"href":"https:\/\/keyztone.com\/fr\/wp-json\/wp\/v2\/product_brand?post=800830"},{"taxonomy":"product_cat","embeddable":true,"href":"https:\/\/keyztone.com\/fr\/wp-json\/wp\/v2\/product_cat?post=800830"},{"taxonomy":"product_tag","embeddable":true,"href":"https:\/\/keyztone.com\/fr\/wp-json\/wp\/v2\/product_tag?post=800830"}],"curies":[{"name":"wp","href":"https:\/\/api.w.org\/{rel}","templated":true}]}}