{"id":800619,"date":"2022-01-11T09:35:59","date_gmt":"2022-01-11T08:35:59","guid":{"rendered":"https:\/\/keyztone.com\/product\/wahouwa\/"},"modified":"2024-07-12T21:41:32","modified_gmt":"2024-07-12T19:41:32","slug":"wahouwah","status":"publish","type":"product","link":"https:\/\/keyztone.com\/fr\/produit\/wahouwah\/","title":{"rendered":"Wahouwah"},"content":{"rendered":"<p>Branchez votre p\u00e9dale wah et\/ou votre p\u00e9dale d&rsquo;expression dans la WahouWah et obtenez une <strong>expressivit\u00e9 de guitare<\/strong> incomparable.<\/p>\n","protected":false},"excerpt":{"rendered":"<p>\u2022 Garantie de deux ans<br \/>\n\u2022 Garantie de remboursement de 30\u00a0jours<br \/>\n\u2022 L&rsquo;alimentation n&rsquo;est <strong>pas incluse<\/strong> . La p\u00e9dale utilise une alimentation n\u00e9gative centrale 9 V DC standard ou une batterie 9 V, consommation de courant 15 mAh.<br \/>\n\u2022 Taille (L xlxh) 157 x 90 x 30 mm \/ 6,18 x 3,54 x 1,2 po<\/p>\n<p><strong>Noter :<\/strong><br \/>\n\u2022 Les commandes de l&rsquo;UE seront factur\u00e9es un taux de TVA suppl\u00e9mentaire<br \/>\n\u2022 Pour les pays non membres de l&rsquo;UE, sachez que vous devrez payer la TVA et les frais de douane de votre pays<\/p>\n<p><strong>Livraison :<\/strong> France : Gratuite \/ Europe : 8\u20ac \/ Monde entier : 20\u20ac (~ 22$)<\/p>\n","protected":false},"featured_media":801196,"comment_status":"open","ping_status":"closed","template":"","meta":{"_et_pb_use_builder":"off","_et_pb_old_content":"Restez au chaud toute l'ann\u00e9e avec le blouson aviateur r\u00e9versible Hi-Lo. Avec un motif noir matelass\u00e9 d'un c\u00f4t\u00e9 et une couleur anthracite lisse de l'autre, le blouson aviateur r\u00e9versible est votre incontournable de tous les jours.\r\n\r\nLe blouson aviateur r\u00e9versible Hi-Lo est notre veste la plus chaude et la plus polyvalente \u00e0 ce jour. Avec deux fa\u00e7ons diff\u00e9rentes de porter cette veste, les possibilit\u00e9s sont infinies. Avec des d\u00e9tails raffin\u00e9s, des tissus haut de gamme et une coupe d\u00e9contract\u00e9e, le blouson aviateur r\u00e9versible Hi-Lo est la pi\u00e8ce de superposition parfaite pour l'hiver.","_et_gb_content_width":"","content-type":""},"product_brand":[],"product_cat":[68,70],"product_tag":[73,72,74,71],"class_list":{"0":"post-800619","1":"product","2":"type-product","3":"status-publish","4":"has-post-thumbnail","6":"product_cat-pedale","7":"product_cat-waouh","8":"product_tag-basse","9":"product_tag-guitare","10":"product_tag-ouah","11":"product_tag-pedale","12":"product_shipping_class-normal-fr","14":"first","15":"instock","16":"taxable","17":"shipping-taxable","18":"purchasable","19":"product-type-simple"},"acf":[],"yoast_head":"<!-- This site is optimized with the Yoast SEO plugin v25.0 - https:\/\/yoast.com\/wordpress\/plugins\/seo\/ -->\n<title>Wahouwah - Keyztone<\/title>\n<meta name=\"robots\" content=\"index, follow, max-snippet:-1, max-image-preview:large, max-video-preview:-1\" \/>\n<link rel=\"canonical\" href=\"https:\/\/keyztone.com\/fr\/produit\/wahouwah\/\" \/>\n<meta property=\"og:locale\" content=\"fr_FR\" \/>\n<meta property=\"og:type\" content=\"article\" \/>\n<meta property=\"og:title\" content=\"Wahouwah - Keyztone\" \/>\n<meta property=\"og:description\" content=\"\u2022 Garantie de deux ans \u2022 Garantie de remboursement de 30\u00a0jours \u2022 L&#039;alimentation n&#039;est pas incluse . La p\u00e9dale utilise une alimentation n\u00e9gative centrale 9 V DC standard ou une batterie 9 V, consommation de courant 15 mAh. \u2022 Taille (L xlxh) 157 x 90 x 30 mm \/ 6,18 x 3,54 x 1,2 po  Noter : \u2022 Les commandes de l&#039;UE seront factur\u00e9es un taux de TVA suppl\u00e9mentaire \u2022 Pour les pays non membres de l&#039;UE, sachez que vous devrez payer la TVA et les frais de douane de votre pays  Livraison : France : Gratuite \/ Europe : 8\u20ac \/ Monde entier : 20\u20ac (~ 22$)\" \/>\n<meta property=\"og:url\" content=\"https:\/\/keyztone.com\/fr\/produit\/wahouwah\/\" \/>\n<meta property=\"og:site_name\" content=\"Keyztone\" \/>\n<meta property=\"article:publisher\" content=\"https:\/\/www.facebook.com\/keyztone\" \/>\n<meta property=\"article:modified_time\" content=\"2024-07-12T19:41:32+00:00\" \/>\n<meta property=\"og:image\" content=\"https:\/\/keyztone.com\/wp-content\/uploads\/2022\/05\/img_Wahou_1.png\" \/>\n\t<meta property=\"og:image:width\" content=\"1200\" \/>\n\t<meta property=\"og:image:height\" content=\"1200\" \/>\n\t<meta property=\"og:image:type\" content=\"image\/png\" \/>\n<meta name=\"twitter:card\" content=\"summary_large_image\" \/>\n<script type=\"application\/ld+json\" class=\"yoast-schema-graph\">{\"@context\":\"https:\/\/schema.org\",\"@graph\":[{\"@type\":\"WebPage\",\"@id\":\"https:\/\/keyztone.com\/fr\/produit\/wahouwah\/\",\"url\":\"https:\/\/keyztone.com\/fr\/produit\/wahouwah\/\",\"name\":\"Wahouwah - Keyztone\",\"isPartOf\":{\"@id\":\"https:\/\/keyztone.com\/#website\"},\"primaryImageOfPage\":{\"@id\":\"https:\/\/keyztone.com\/fr\/produit\/wahouwah\/#primaryimage\"},\"image\":{\"@id\":\"https:\/\/keyztone.com\/fr\/produit\/wahouwah\/#primaryimage\"},\"thumbnailUrl\":\"https:\/\/keyztone.com\/wp-content\/uploads\/2022\/05\/img_Wahou_1.png\",\"datePublished\":\"2022-01-11T08:35:59+00:00\",\"dateModified\":\"2024-07-12T19:41:32+00:00\",\"breadcrumb\":{\"@id\":\"https:\/\/keyztone.com\/fr\/produit\/wahouwah\/#breadcrumb\"},\"inLanguage\":\"fr-FR\",\"potentialAction\":[{\"@type\":\"ReadAction\",\"target\":[\"https:\/\/keyztone.com\/fr\/produit\/wahouwah\/\"]}]},{\"@type\":\"ImageObject\",\"inLanguage\":\"fr-FR\",\"@id\":\"https:\/\/keyztone.com\/fr\/produit\/wahouwah\/#primaryimage\",\"url\":\"https:\/\/keyztone.com\/wp-content\/uploads\/2022\/05\/img_Wahou_1.png\",\"contentUrl\":\"https:\/\/keyztone.com\/wp-content\/uploads\/2022\/05\/img_Wahou_1.png\",\"width\":1200,\"height\":1200},{\"@type\":\"BreadcrumbList\",\"@id\":\"https:\/\/keyztone.com\/fr\/produit\/wahouwah\/#breadcrumb\",\"itemListElement\":[{\"@type\":\"ListItem\",\"position\":1,\"name\":\"Home\",\"item\":\"https:\/\/keyztone.com\/fr\/\"},{\"@type\":\"ListItem\",\"position\":2,\"name\":\"Shop\",\"item\":\"https:\/\/keyztone.com\/shop\/\"},{\"@type\":\"ListItem\",\"position\":3,\"name\":\"Wahouwah\"}]},{\"@type\":\"WebSite\",\"@id\":\"https:\/\/keyztone.com\/#website\",\"url\":\"https:\/\/keyztone.com\/\",\"name\":\"Keyztone\",\"description\":\"Effect Pedals Bass Guitar Analog EXchanger Wahouwah\",\"publisher\":{\"@id\":\"https:\/\/keyztone.com\/#organization\"},\"potentialAction\":[{\"@type\":\"SearchAction\",\"target\":{\"@type\":\"EntryPoint\",\"urlTemplate\":\"https:\/\/keyztone.com\/?s={search_term_string}\"},\"query-input\":{\"@type\":\"PropertyValueSpecification\",\"valueRequired\":true,\"valueName\":\"search_term_string\"}}],\"inLanguage\":\"fr-FR\"},{\"@type\":\"Organization\",\"@id\":\"https:\/\/keyztone.com\/#organization\",\"name\":\"Keyztone\",\"url\":\"https:\/\/keyztone.com\/\",\"logo\":{\"@type\":\"ImageObject\",\"inLanguage\":\"fr-FR\",\"@id\":\"https:\/\/keyztone.com\/#\/schema\/logo\/image\/\",\"url\":\"https:\/\/keyztone.com\/wp-content\/uploads\/2022\/01\/LogoShop.jpg\",\"contentUrl\":\"https:\/\/keyztone.com\/wp-content\/uploads\/2022\/01\/LogoShop.jpg\",\"width\":250,\"height\":250,\"caption\":\"Keyztone\"},\"image\":{\"@id\":\"https:\/\/keyztone.com\/#\/schema\/logo\/image\/\"},\"sameAs\":[\"https:\/\/www.facebook.com\/keyztone\",\"https:\/\/www.instagram.com\/keyztone_fr\/\"]}]}<\/script>\n<!-- \/ Yoast SEO plugin. -->","yoast_head_json":{"title":"Wahouwah - Keyztone","robots":{"index":"index","follow":"follow","max-snippet":"max-snippet:-1","max-image-preview":"max-image-preview:large","max-video-preview":"max-video-preview:-1"},"canonical":"https:\/\/keyztone.com\/fr\/produit\/wahouwah\/","og_locale":"fr_FR","og_type":"article","og_title":"Wahouwah - Keyztone","og_description":"\u2022 Garantie de deux ans \u2022 Garantie de remboursement de 30\u00a0jours \u2022 L'alimentation n'est pas incluse . La p\u00e9dale utilise une alimentation n\u00e9gative centrale 9 V DC standard ou une batterie 9 V, consommation de courant 15 mAh. \u2022 Taille (L xlxh) 157 x 90 x 30 mm \/ 6,18 x 3,54 x 1,2 po  Noter : \u2022 Les commandes de l'UE seront factur\u00e9es un taux de TVA suppl\u00e9mentaire \u2022 Pour les pays non membres de l'UE, sachez que vous devrez payer la TVA et les frais de douane de votre pays  Livraison : France : Gratuite \/ Europe : 8\u20ac \/ Monde entier : 20\u20ac (~ 22$)","og_url":"https:\/\/keyztone.com\/fr\/produit\/wahouwah\/","og_site_name":"Keyztone","article_publisher":"https:\/\/www.facebook.com\/keyztone","article_modified_time":"2024-07-12T19:41:32+00:00","og_image":[{"width":1200,"height":1200,"url":"https:\/\/keyztone.com\/wp-content\/uploads\/2022\/05\/img_Wahou_1.png","type":"image\/png"}],"twitter_card":"summary_large_image","schema":{"@context":"https:\/\/schema.org","@graph":[{"@type":"WebPage","@id":"https:\/\/keyztone.com\/fr\/produit\/wahouwah\/","url":"https:\/\/keyztone.com\/fr\/produit\/wahouwah\/","name":"Wahouwah - Keyztone","isPartOf":{"@id":"https:\/\/keyztone.com\/#website"},"primaryImageOfPage":{"@id":"https:\/\/keyztone.com\/fr\/produit\/wahouwah\/#primaryimage"},"image":{"@id":"https:\/\/keyztone.com\/fr\/produit\/wahouwah\/#primaryimage"},"thumbnailUrl":"https:\/\/keyztone.com\/wp-content\/uploads\/2022\/05\/img_Wahou_1.png","datePublished":"2022-01-11T08:35:59+00:00","dateModified":"2024-07-12T19:41:32+00:00","breadcrumb":{"@id":"https:\/\/keyztone.com\/fr\/produit\/wahouwah\/#breadcrumb"},"inLanguage":"fr-FR","potentialAction":[{"@type":"ReadAction","target":["https:\/\/keyztone.com\/fr\/produit\/wahouwah\/"]}]},{"@type":"ImageObject","inLanguage":"fr-FR","@id":"https:\/\/keyztone.com\/fr\/produit\/wahouwah\/#primaryimage","url":"https:\/\/keyztone.com\/wp-content\/uploads\/2022\/05\/img_Wahou_1.png","contentUrl":"https:\/\/keyztone.com\/wp-content\/uploads\/2022\/05\/img_Wahou_1.png","width":1200,"height":1200},{"@type":"BreadcrumbList","@id":"https:\/\/keyztone.com\/fr\/produit\/wahouwah\/#breadcrumb","itemListElement":[{"@type":"ListItem","position":1,"name":"Home","item":"https:\/\/keyztone.com\/fr\/"},{"@type":"ListItem","position":2,"name":"Shop","item":"https:\/\/keyztone.com\/shop\/"},{"@type":"ListItem","position":3,"name":"Wahouwah"}]},{"@type":"WebSite","@id":"https:\/\/keyztone.com\/#website","url":"https:\/\/keyztone.com\/","name":"Keyztone","description":"Effect Pedals Bass Guitar Analog EXchanger Wahouwah","publisher":{"@id":"https:\/\/keyztone.com\/#organization"},"potentialAction":[{"@type":"SearchAction","target":{"@type":"EntryPoint","urlTemplate":"https:\/\/keyztone.com\/?s={search_term_string}"},"query-input":{"@type":"PropertyValueSpecification","valueRequired":true,"valueName":"search_term_string"}}],"inLanguage":"fr-FR"},{"@type":"Organization","@id":"https:\/\/keyztone.com\/#organization","name":"Keyztone","url":"https:\/\/keyztone.com\/","logo":{"@type":"ImageObject","inLanguage":"fr-FR","@id":"https:\/\/keyztone.com\/#\/schema\/logo\/image\/","url":"https:\/\/keyztone.com\/wp-content\/uploads\/2022\/01\/LogoShop.jpg","contentUrl":"https:\/\/keyztone.com\/wp-content\/uploads\/2022\/01\/LogoShop.jpg","width":250,"height":250,"caption":"Keyztone"},"image":{"@id":"https:\/\/keyztone.com\/#\/schema\/logo\/image\/"},"sameAs":["https:\/\/www.facebook.com\/keyztone","https:\/\/www.instagram.com\/keyztone_fr\/"]}]}},"jetpack_sharing_enabled":true,"_links":{"self":[{"href":"https:\/\/keyztone.com\/fr\/wp-json\/wp\/v2\/product\/800619","targetHints":{"allow":["GET"]}}],"collection":[{"href":"https:\/\/keyztone.com\/fr\/wp-json\/wp\/v2\/product"}],"about":[{"href":"https:\/\/keyztone.com\/fr\/wp-json\/wp\/v2\/types\/product"}],"replies":[{"embeddable":true,"href":"https:\/\/keyztone.com\/fr\/wp-json\/wp\/v2\/comments?post=800619"}],"wp:featuredmedia":[{"embeddable":true,"href":"https:\/\/keyztone.com\/fr\/wp-json\/wp\/v2\/media\/801196"}],"wp:attachment":[{"href":"https:\/\/keyztone.com\/fr\/wp-json\/wp\/v2\/media?parent=800619"}],"wp:term":[{"taxonomy":"product_brand","embeddable":true,"href":"https:\/\/keyztone.com\/fr\/wp-json\/wp\/v2\/product_brand?post=800619"},{"taxonomy":"product_cat","embeddable":true,"href":"https:\/\/keyztone.com\/fr\/wp-json\/wp\/v2\/product_cat?post=800619"},{"taxonomy":"product_tag","embeddable":true,"href":"https:\/\/keyztone.com\/fr\/wp-json\/wp\/v2\/product_tag?post=800619"}],"curies":[{"name":"wp","href":"https:\/\/api.w.org\/{rel}","templated":true}]}}