{"id":805928,"date":"2022-06-21T10:08:08","date_gmt":"2022-06-21T08:08:08","guid":{"rendered":"https:\/\/keyztone.com\/?page_id=805928"},"modified":"2022-06-21T12:52:58","modified_gmt":"2022-06-21T10:52:58","slug":"mon-compte","status":"publish","type":"page","link":"https:\/\/keyztone.com\/fr\/mon-compte\/","title":{"rendered":"Mon Compte"},"content":{"rendered":"<p>[et_pb_section fb_built=\u00a0\u00bb1&Prime; admin_label=\u00a0\u00bbsection\u00a0\u00bb _builder_version=\u00a0\u00bb3.22&Prime; global_colors_info=\u00a0\u00bb{}\u00a0\u00bb][et_pb_row admin_label=\u00a0\u00bbrow\u00a0\u00bb _builder_version=\u00a0\u00bb3.25&Prime; background_size=\u00a0\u00bbinitial\u00a0\u00bb background_position=\u00a0\u00bbtop_left\u00a0\u00bb background_repeat=\u00a0\u00bbrepeat\u00a0\u00bb global_colors_info=\u00a0\u00bb{}\u00a0\u00bb][et_pb_column type=\u00a0\u00bb4_4&Prime; _builder_version=\u00a0\u00bb3.25&Prime; custom_padding=\u00a0\u00bb|||\u00a0\u00bb global_colors_info=\u00a0\u00bb{}\u00a0\u00bb custom_padding__hover=\u00a0\u00bb|||\u00a0\u00bb][et_pb_text _builder_version=\u00a0\u00bb4.14.4&Prime; _module_preset=\u00a0\u00bbdefault\u00a0\u00bb text_font=\u00a0\u00bb||||||||\u00a0\u00bb header_font=\u00a0\u00bbRaleway|900|||||||\u00a0\u00bb header_text_align=\u00a0\u00bbleft\u00a0\u00bb header_font_size=\u00a0\u00bb45px\u00a0\u00bb header_letter_spacing=\u00a0\u00bb4px\u00a0\u00bb header_line_height=\u00a0\u00bb1.2em\u00a0\u00bb header_2_font=\u00a0\u00bb||||||||\u00a0\u00bb module_alignment=\u00a0\u00bbcenter\u00a0\u00bb custom_margin=\u00a0\u00bb|||\u00a0\u00bb custom_padding=\u00a0\u00bb|||\u00a0\u00bb animation_style=\u00a0\u00bbfade\u00a0\u00bb header_font_size_tablet=\u00a0\u00bb40px\u00a0\u00bb header_font_size_phone=\u00a0\u00bb40px\u00a0\u00bb header_font_size_last_edited=\u00a0\u00bbon|desktop\u00a0\u00bb global_colors_info=\u00a0\u00bb{}\u00a0\u00bb]<\/p>\n<h1>Mon Compte<\/h1>\n<p>[\/et_pb_text][et_pb_text _builder_version=\u00a0\u00bb4.14.4&Prime; _module_preset=\u00a0\u00bbdefault\u00a0\u00bb global_colors_info=\u00a0\u00bb{}\u00a0\u00bb]<\/p>\n<div class=\"woocommerce\"><\/div>\n<p>[\/et_pb_text][\/et_pb_column][\/et_pb_row][\/et_pb_section][et_pb_section fb_built=\u00a0\u00bb1&Prime; admin_label=\u00a0\u00bbPromo\u00a0\u00bb _builder_version=\u00a0\u00bb4.14.4&Prime; background_color=\u00a0\u00bbrgba(12,12,12,0.6)\u00a0\u00bb background_image=\u00a0\u00bbhttps:\/\/keyztone.com\/wp-content\/uploads\/2022\/05\/Fond_Promo.jpg\u00a0\u00bb background_blend=\u00a0\u00bbcolor\u00a0\u00bb custom_margin=\u00a0\u00bb60px|60px|60px|60px\u00a0\u00bb custom_margin_tablet=\u00a0\u00bb\u00a0\u00bb custom_margin_phone=\u00a0\u00bb0px|0px|0px|0px\u00a0\u00bb custom_margin_last_edited=\u00a0\u00bbon|phone\u00a0\u00bb custom_padding=\u00a0\u00bb160px||160px|\u00a0\u00bb animation_style=\u00a0\u00bbslide\u00a0\u00bb animation_direction=\u00a0\u00bbleft\u00a0\u00bb animation_intensity_slide=\u00a0\u00bb2%\u00a0\u00bb collapsed=\u00a0\u00bboff\u00a0\u00bb global_colors_info=\u00a0\u00bb{}\u00a0\u00bb][et_pb_row _builder_version=\u00a0\u00bb3.25&Prime; custom_padding=\u00a0\u00bb|||\u00a0\u00bb global_colors_info=\u00a0\u00bb{}\u00a0\u00bb][et_pb_column type=\u00a0\u00bb4_4&Prime; _builder_version=\u00a0\u00bb3.25&Prime; custom_padding=\u00a0\u00bb|||\u00a0\u00bb global_colors_info=\u00a0\u00bb{}\u00a0\u00bb custom_padding__hover=\u00a0\u00bb|||\u00a0\u00bb][et_pb_text _builder_version=\u00a0\u00bb4.14.4&Prime; text_font=\u00a0\u00bb||on||||||\u00a0\u00bb text_text_color=\u00a0\u00bb#FFFFFF\u00a0\u00bb text_font_size=\u00a0\u00bb30px\u00a0\u00bb text_orientation=\u00a0\u00bbcenter\u00a0\u00bb background_layout=\u00a0\u00bbdark\u00a0\u00bb module_alignment=\u00a0\u00bbcenter\u00a0\u00bb custom_padding=\u00a0\u00bb||10px|\u00a0\u00bb animation_style=\u00a0\u00bbslide\u00a0\u00bb animation_direction=\u00a0\u00bbleft\u00a0\u00bb animation_delay=\u00a0\u00bb300ms\u00a0\u00bb animation_intensity_slide=\u00a0\u00bb8%\u00a0\u00bb global_colors_info=\u00a0\u00bb{}\u00a0\u00bb]<\/p>\n<p>Achetez <span style=\"color: #d85b5b; font-size: 60px; font-style: normal;\"><strong>2<\/strong><\/span> p\u00e9dales et obtenez <span style=\"color: #d85b5b; font-size: 60px; font-style: normal;\"><strong>5%<\/strong><\/span> de r\u00e9duction<\/p>\n<p>[\/et_pb_text][et_pb_text _builder_version=\u00a0\u00bb4.14.4&Prime; text_font=\u00a0\u00bb||on||||||\u00a0\u00bb text_text_color=\u00a0\u00bb#FFFFFF\u00a0\u00bb text_font_size=\u00a0\u00bb30px\u00a0\u00bb text_orientation=\u00a0\u00bbcenter\u00a0\u00bb background_layout=\u00a0\u00bbdark\u00a0\u00bb module_alignment=\u00a0\u00bbcenter\u00a0\u00bb custom_padding=\u00a0\u00bb0px||10px|||\u00a0\u00bb animation_style=\u00a0\u00bbslide\u00a0\u00bb animation_direction=\u00a0\u00bbleft\u00a0\u00bb animation_delay=\u00a0\u00bb300ms\u00a0\u00bb animation_intensity_slide=\u00a0\u00bb8%\u00a0\u00bb global_colors_info=\u00a0\u00bb{}\u00a0\u00bb]<\/p>\n<p>Achetez <span style=\"color: #d85b5b; font-size: 60px; font-style: normal;\"><strong>3<\/strong><\/span> p\u00e9dales et obtenez <span style=\"color: #d85b5b; font-size: 60px; font-style: normal;\"><strong>10%<\/strong><\/span> de r\u00e9duction<\/p>\n<p>[\/et_pb_text][et_pb_text _builder_version=\u00a0\u00bb3.27.4&Prime; text_font=\u00a0\u00bb||||||||\u00a0\u00bb header_font=\u00a0\u00bb||||||||\u00a0\u00bb header_2_font=\u00a0\u00bbRoboto|700||on|||||\u00a0\u00bb header_2_text_align=\u00a0\u00bbcenter\u00a0\u00bb header_2_font_size=\u00a0\u00bb52px\u00a0\u00bb header_2_letter_spacing=\u00a0\u00bb4px\u00a0\u00bb header_2_line_height=\u00a0\u00bb1.2em\u00a0\u00bb background_layout=\u00a0\u00bbdark\u00a0\u00bb module_alignment=\u00a0\u00bbcenter\u00a0\u00bb custom_margin=\u00a0\u00bb||10px|\u00a0\u00bb animation_style=\u00a0\u00bbslide\u00a0\u00bb animation_direction=\u00a0\u00bbleft\u00a0\u00bb animation_delay=\u00a0\u00bb200ms\u00a0\u00bb animation_intensity_slide=\u00a0\u00bb8%\u00a0\u00bb header_2_font_size_tablet=\u00a0\u00bb40px\u00a0\u00bb header_2_font_size_phone=\u00a0\u00bb\u00a0\u00bb header_2_font_size_last_edited=\u00a0\u00bbon|tablet\u00a0\u00bb global_colors_info=\u00a0\u00bb{}\u00a0\u00bb]<\/p>\n<h2>Vente Flash !<\/h2>\n<p>[\/et_pb_text][et_pb_button button_url=\u00a0\u00bb#\u00a0\u00bb button_text=\u00a0\u00bbAcc\u00e9dez aux ventes\u00a0\u00bb button_alignment=\u00a0\u00bbcenter\u00a0\u00bb _builder_version=\u00a0\u00bb4.14.4&Prime; background_layout=\u00a0\u00bbdark\u00a0\u00bb animation_style=\u00a0\u00bbslide\u00a0\u00bb animation_direction=\u00a0\u00bbleft\u00a0\u00bb animation_intensity_slide=\u00a0\u00bb20%\u00a0\u00bb button_text_color_hover=\u00a0\u00bb#ffffff\u00a0\u00bb button_border_color_hover=\u00a0\u00bb#ffffff\u00a0\u00bb button_border_radius_hover=\u00a0\u00bb30px\u00a0\u00bb button_letter_spacing_hover=\u00a0\u00bb2px\u00a0\u00bb button_bg_color_hover=\u00a0\u00bbrgba(255,181,0,0)\u00a0\u00bb global_colors_info=\u00a0\u00bb{}\u00a0\u00bb button_text_size__hover_enabled=\u00a0\u00bboff\u00a0\u00bb button_one_text_size__hover_enabled=\u00a0\u00bboff\u00a0\u00bb button_two_text_size__hover_enabled=\u00a0\u00bboff\u00a0\u00bb button_text_color__hover_enabled=\u00a0\u00bbon\u00a0\u00bb button_text_color__hover=\u00a0\u00bb#ffffff\u00a0\u00bb button_one_text_color__hover_enabled=\u00a0\u00bboff\u00a0\u00bb button_two_text_color__hover_enabled=\u00a0\u00bboff\u00a0\u00bb button_border_width__hover_enabled=\u00a0\u00bboff\u00a0\u00bb button_one_border_width__hover_enabled=\u00a0\u00bboff\u00a0\u00bb button_two_border_width__hover_enabled=\u00a0\u00bboff\u00a0\u00bb button_border_color__hover_enabled=\u00a0\u00bbon\u00a0\u00bb button_border_color__hover=\u00a0\u00bb#ffffff\u00a0\u00bb button_one_border_color__hover_enabled=\u00a0\u00bboff\u00a0\u00bb button_two_border_color__hover_enabled=\u00a0\u00bboff\u00a0\u00bb button_border_radius__hover_enabled=\u00a0\u00bbon\u00a0\u00bb button_border_radius__hover=\u00a0\u00bb30px\u00a0\u00bb button_one_border_radius__hover_enabled=\u00a0\u00bboff\u00a0\u00bb button_two_border_radius__hover_enabled=\u00a0\u00bboff\u00a0\u00bb button_letter_spacing__hover_enabled=\u00a0\u00bbon\u00a0\u00bb button_letter_spacing__hover=\u00a0\u00bb2px\u00a0\u00bb button_one_letter_spacing__hover_enabled=\u00a0\u00bboff\u00a0\u00bb button_two_letter_spacing__hover_enabled=\u00a0\u00bboff\u00a0\u00bb button_bg_color__hover_enabled=\u00a0\u00bbon\u00a0\u00bb button_bg_color__hover=\u00a0\u00bbrgba(255,181,0,0)\u00a0\u00bb button_one_bg_color__hover_enabled=\u00a0\u00bboff\u00a0\u00bb button_two_bg_color__hover_enabled=\u00a0\u00bboff\u00a0\u00bb][\/et_pb_button][\/et_pb_column][\/et_pb_row][\/et_pb_section]<\/p>\n","protected":false},"excerpt":{"rendered":"<p>Mon Compte<div class=\"woocommerce\"><\/div>Achetez 2 p\u00e9dales et obtenez 5% de r\u00e9ductionAchetez 3 p\u00e9dales et obtenez 10% de r\u00e9ductionVente Flash !<\/p>\n","protected":false},"author":1,"featured_media":0,"parent":0,"menu_order":0,"comment_status":"closed","ping_status":"closed","template":"","meta":{"_et_pb_use_builder":"on","_et_pb_old_content":"<p>[et_pb_section fb_built=\"1\" admin_label=\"section\" _builder_version=\"3.22\" global_colors_info=\"{}\"][et_pb_row admin_label=\"row\" _builder_version=\"3.25\" background_size=\"initial\" background_position=\"top_left\" background_repeat=\"repeat\" global_colors_info=\"{}\"][et_pb_column type=\"4_4\" _builder_version=\"3.25\" custom_padding=\"|||\" global_colors_info=\"{}\" custom_padding__hover=\"|||\"][et_pb_text _builder_version=\"4.14.4\" _module_preset=\"default\" global_colors_info=\"{}\" text_font=\"||||||||\" header_font=\"Raleway|900|||||||\" header_text_align=\"left\" header_font_size=\"45px\" header_font_size_tablet=\"40px\" header_font_size_last_edited=\"on|desktop\" header_letter_spacing=\"4px\" header_line_height=\"1.2em\" header_2_font=\"||||||||\" module_alignment=\"center\" custom_margin=\"|||\" custom_padding=\"|||\" animation_style=\"fade\" hover_enabled=\"0\" sticky_enabled=\"0\" header_font_size_phone=\"40px\"]<\/p><h1>My account<\/h1><p>[\/et_pb_text][et_pb_text _builder_version=\"4.14.4\" _module_preset=\"default\" global_colors_info=\"{}\"]<\/p><p>[woocommerce_my_account]<\/p><p>[\/et_pb_text][\/et_pb_column][\/et_pb_row][\/et_pb_section][et_pb_section fb_built=\"1\" admin_label=\"Promo\" _builder_version=\"4.14.4\" background_color=\"rgba(12,12,12,0.6)\" background_image=\"https:\/\/keyztone.com\/wp-content\/uploads\/2022\/05\/Fond_Promo.jpg\" background_blend=\"color\" custom_margin=\"60px|60px|60px|60px\" custom_margin_tablet=\"\" custom_margin_phone=\"0px|0px|0px|0px\" custom_margin_last_edited=\"on|phone\" custom_padding=\"160px||160px|\" animation_style=\"slide\" animation_direction=\"left\" animation_intensity_slide=\"2%\" collapsed=\"off\" global_colors_info=\"{}\"][et_pb_row _builder_version=\"3.25\" custom_padding=\"|||\" global_colors_info=\"{}\"][et_pb_column type=\"4_4\" _builder_version=\"3.25\" custom_padding=\"|||\" global_colors_info=\"{}\" custom_padding__hover=\"|||\"][et_pb_text _builder_version=\"4.14.4\" text_font=\"||on||||||\" text_text_color=\"#FFFFFF\" text_font_size=\"30px\" text_orientation=\"center\" background_layout=\"dark\" module_alignment=\"center\" custom_padding=\"||10px|\" animation_style=\"slide\" animation_direction=\"left\" animation_delay=\"300ms\" animation_intensity_slide=\"8%\" global_colors_info=\"{}\"]<\/p><p>Buy <span style=\"color: #d85b5b; font-size: 60px; font-style: normal;\"><strong>2<\/strong><\/span> pedals and get <span style=\"color: #d85b5b; font-size: 60px; font-style: normal;\"><strong>5%<\/strong><\/span> off<\/p><p>[\/et_pb_text][et_pb_text _builder_version=\"4.14.4\" text_font=\"||on||||||\" text_text_color=\"#FFFFFF\" text_font_size=\"30px\" text_orientation=\"center\" background_layout=\"dark\" module_alignment=\"center\" custom_padding=\"0px||10px|||\" animation_style=\"slide\" animation_direction=\"left\" animation_delay=\"300ms\" animation_intensity_slide=\"8%\" global_colors_info=\"{}\"]<\/p><p>Buy <span style=\"color: #d85b5b; font-size: 60px; font-style: normal;\"><strong>3<\/strong><\/span> pedals and get <span style=\"color: #d85b5b; font-size: 60px; font-style: normal;\"><strong>10%<\/strong><\/span> off<\/p><p>[\/et_pb_text][et_pb_text _builder_version=\"3.27.4\" text_font=\"||||||||\" header_font=\"||||||||\" header_2_font=\"Roboto|700||on|||||\" header_2_text_align=\"center\" header_2_font_size=\"52px\" header_2_letter_spacing=\"4px\" header_2_line_height=\"1.2em\" background_layout=\"dark\" module_alignment=\"center\" custom_margin=\"||10px|\" animation_style=\"slide\" animation_direction=\"left\" animation_delay=\"200ms\" animation_intensity_slide=\"8%\" header_2_font_size_tablet=\"40px\" header_2_font_size_phone=\"\" header_2_font_size_last_edited=\"on|tablet\" global_colors_info=\"{}\"]<\/p><h2>Flash Sale!<\/h2><p>[\/et_pb_text][et_pb_button button_url=\"#\" button_text=\"Shop This Sale\" button_alignment=\"center\" _builder_version=\"4.14.4\" background_layout=\"dark\" animation_style=\"slide\" animation_direction=\"left\" animation_intensity_slide=\"20%\" button_text_color_hover=\"#ffffff\" button_border_color_hover=\"#ffffff\" button_border_radius_hover=\"30px\" button_letter_spacing_hover=\"2px\" button_bg_color_hover=\"rgba(255,181,0,0)\" global_colors_info=\"{}\" button_text_size__hover_enabled=\"off\" button_one_text_size__hover_enabled=\"off\" button_two_text_size__hover_enabled=\"off\" button_text_color__hover_enabled=\"on\" button_text_color__hover=\"#ffffff\" button_one_text_color__hover_enabled=\"off\" button_two_text_color__hover_enabled=\"off\" button_border_width__hover_enabled=\"off\" button_one_border_width__hover_enabled=\"off\" button_two_border_width__hover_enabled=\"off\" button_border_color__hover_enabled=\"on\" button_border_color__hover=\"#ffffff\" button_one_border_color__hover_enabled=\"off\" button_two_border_color__hover_enabled=\"off\" button_border_radius__hover_enabled=\"on\" button_border_radius__hover=\"30px\" button_one_border_radius__hover_enabled=\"off\" button_two_border_radius__hover_enabled=\"off\" button_letter_spacing__hover_enabled=\"on\" button_letter_spacing__hover=\"2px\" button_one_letter_spacing__hover_enabled=\"off\" button_two_letter_spacing__hover_enabled=\"off\" button_bg_color__hover_enabled=\"on\" button_bg_color__hover=\"rgba(255,181,0,0)\" button_one_bg_color__hover_enabled=\"off\" button_two_bg_color__hover_enabled=\"off\"][\/et_pb_button][\/et_pb_column][\/et_pb_row][\/et_pb_section]<\/p>","_et_gb_content_width":"","content-type":"","footnotes":""},"class_list":["post-805928","page","type-page","status-publish","hentry"],"acf":[],"yoast_head":"<!-- This site is optimized with the Yoast SEO plugin v25.0 - https:\/\/yoast.com\/wordpress\/plugins\/seo\/ -->\n<title>Mon Compte - Keyztone<\/title>\n<meta name=\"robots\" content=\"index, follow, max-snippet:-1, max-image-preview:large, max-video-preview:-1\" \/>\n<link rel=\"canonical\" href=\"https:\/\/keyztone.com\/fr\/mon-compte\/\" \/>\n<meta property=\"og:locale\" content=\"fr_FR\" \/>\n<meta property=\"og:type\" content=\"article\" \/>\n<meta property=\"og:title\" content=\"Mon Compte - Keyztone\" \/>\n<meta property=\"og:url\" content=\"https:\/\/keyztone.com\/fr\/mon-compte\/\" \/>\n<meta property=\"og:site_name\" content=\"Keyztone\" \/>\n<meta property=\"article:publisher\" content=\"https:\/\/www.facebook.com\/keyztone\" \/>\n<meta property=\"article:modified_time\" content=\"2022-06-21T10:52:58+00:00\" \/>\n<meta name=\"twitter:card\" content=\"summary_large_image\" \/>\n<meta name=\"twitter:label1\" content=\"Dur\u00e9e de lecture estim\u00e9e\" \/>\n\t<meta name=\"twitter:data1\" content=\"3 minutes\" \/>\n<script type=\"application\/ld+json\" class=\"yoast-schema-graph\">{\"@context\":\"https:\/\/schema.org\",\"@graph\":[{\"@type\":\"WebPage\",\"@id\":\"https:\/\/keyztone.com\/fr\/mon-compte\/\",\"url\":\"https:\/\/keyztone.com\/fr\/mon-compte\/\",\"name\":\"Mon Compte - Keyztone\",\"isPartOf\":{\"@id\":\"https:\/\/keyztone.com\/#website\"},\"datePublished\":\"2022-06-21T08:08:08+00:00\",\"dateModified\":\"2022-06-21T10:52:58+00:00\",\"breadcrumb\":{\"@id\":\"https:\/\/keyztone.com\/fr\/mon-compte\/#breadcrumb\"},\"inLanguage\":\"fr-FR\",\"potentialAction\":[{\"@type\":\"ReadAction\",\"target\":[\"https:\/\/keyztone.com\/fr\/mon-compte\/\"]}]},{\"@type\":\"BreadcrumbList\",\"@id\":\"https:\/\/keyztone.com\/fr\/mon-compte\/#breadcrumb\",\"itemListElement\":[{\"@type\":\"ListItem\",\"position\":1,\"name\":\"Home\",\"item\":\"https:\/\/keyztone.com\/fr\/\"},{\"@type\":\"ListItem\",\"position\":2,\"name\":\"Mon Compte\"}]},{\"@type\":\"WebSite\",\"@id\":\"https:\/\/keyztone.com\/#website\",\"url\":\"https:\/\/keyztone.com\/\",\"name\":\"Keyztone\",\"description\":\"Effect Pedals Bass Guitar Analog EXchanger Wahouwah\",\"publisher\":{\"@id\":\"https:\/\/keyztone.com\/#organization\"},\"potentialAction\":[{\"@type\":\"SearchAction\",\"target\":{\"@type\":\"EntryPoint\",\"urlTemplate\":\"https:\/\/keyztone.com\/?s={search_term_string}\"},\"query-input\":{\"@type\":\"PropertyValueSpecification\",\"valueRequired\":true,\"valueName\":\"search_term_string\"}}],\"inLanguage\":\"fr-FR\"},{\"@type\":\"Organization\",\"@id\":\"https:\/\/keyztone.com\/#organization\",\"name\":\"Keyztone\",\"url\":\"https:\/\/keyztone.com\/\",\"logo\":{\"@type\":\"ImageObject\",\"inLanguage\":\"fr-FR\",\"@id\":\"https:\/\/keyztone.com\/#\/schema\/logo\/image\/\",\"url\":\"https:\/\/keyztone.com\/wp-content\/uploads\/2022\/01\/LogoShop.jpg\",\"contentUrl\":\"https:\/\/keyztone.com\/wp-content\/uploads\/2022\/01\/LogoShop.jpg\",\"width\":250,\"height\":250,\"caption\":\"Keyztone\"},\"image\":{\"@id\":\"https:\/\/keyztone.com\/#\/schema\/logo\/image\/\"},\"sameAs\":[\"https:\/\/www.facebook.com\/keyztone\",\"https:\/\/www.instagram.com\/keyztone_fr\/\"]}]}<\/script>\n<!-- \/ Yoast SEO plugin. -->","yoast_head_json":{"title":"Mon Compte - Keyztone","robots":{"index":"index","follow":"follow","max-snippet":"max-snippet:-1","max-image-preview":"max-image-preview:large","max-video-preview":"max-video-preview:-1"},"canonical":"https:\/\/keyztone.com\/fr\/mon-compte\/","og_locale":"fr_FR","og_type":"article","og_title":"Mon Compte - Keyztone","og_url":"https:\/\/keyztone.com\/fr\/mon-compte\/","og_site_name":"Keyztone","article_publisher":"https:\/\/www.facebook.com\/keyztone","article_modified_time":"2022-06-21T10:52:58+00:00","twitter_card":"summary_large_image","twitter_misc":{"Dur\u00e9e de lecture estim\u00e9e":"3 minutes"},"schema":{"@context":"https:\/\/schema.org","@graph":[{"@type":"WebPage","@id":"https:\/\/keyztone.com\/fr\/mon-compte\/","url":"https:\/\/keyztone.com\/fr\/mon-compte\/","name":"Mon Compte - Keyztone","isPartOf":{"@id":"https:\/\/keyztone.com\/#website"},"datePublished":"2022-06-21T08:08:08+00:00","dateModified":"2022-06-21T10:52:58+00:00","breadcrumb":{"@id":"https:\/\/keyztone.com\/fr\/mon-compte\/#breadcrumb"},"inLanguage":"fr-FR","potentialAction":[{"@type":"ReadAction","target":["https:\/\/keyztone.com\/fr\/mon-compte\/"]}]},{"@type":"BreadcrumbList","@id":"https:\/\/keyztone.com\/fr\/mon-compte\/#breadcrumb","itemListElement":[{"@type":"ListItem","position":1,"name":"Home","item":"https:\/\/keyztone.com\/fr\/"},{"@type":"ListItem","position":2,"name":"Mon Compte"}]},{"@type":"WebSite","@id":"https:\/\/keyztone.com\/#website","url":"https:\/\/keyztone.com\/","name":"Keyztone","description":"Effect Pedals Bass Guitar Analog EXchanger Wahouwah","publisher":{"@id":"https:\/\/keyztone.com\/#organization"},"potentialAction":[{"@type":"SearchAction","target":{"@type":"EntryPoint","urlTemplate":"https:\/\/keyztone.com\/?s={search_term_string}"},"query-input":{"@type":"PropertyValueSpecification","valueRequired":true,"valueName":"search_term_string"}}],"inLanguage":"fr-FR"},{"@type":"Organization","@id":"https:\/\/keyztone.com\/#organization","name":"Keyztone","url":"https:\/\/keyztone.com\/","logo":{"@type":"ImageObject","inLanguage":"fr-FR","@id":"https:\/\/keyztone.com\/#\/schema\/logo\/image\/","url":"https:\/\/keyztone.com\/wp-content\/uploads\/2022\/01\/LogoShop.jpg","contentUrl":"https:\/\/keyztone.com\/wp-content\/uploads\/2022\/01\/LogoShop.jpg","width":250,"height":250,"caption":"Keyztone"},"image":{"@id":"https:\/\/keyztone.com\/#\/schema\/logo\/image\/"},"sameAs":["https:\/\/www.facebook.com\/keyztone","https:\/\/www.instagram.com\/keyztone_fr\/"]}]}},"jetpack_sharing_enabled":true,"_links":{"self":[{"href":"https:\/\/keyztone.com\/fr\/wp-json\/wp\/v2\/pages\/805928","targetHints":{"allow":["GET"]}}],"collection":[{"href":"https:\/\/keyztone.com\/fr\/wp-json\/wp\/v2\/pages"}],"about":[{"href":"https:\/\/keyztone.com\/fr\/wp-json\/wp\/v2\/types\/page"}],"author":[{"embeddable":true,"href":"https:\/\/keyztone.com\/fr\/wp-json\/wp\/v2\/users\/1"}],"replies":[{"embeddable":true,"href":"https:\/\/keyztone.com\/fr\/wp-json\/wp\/v2\/comments?post=805928"}],"version-history":[{"count":0,"href":"https:\/\/keyztone.com\/fr\/wp-json\/wp\/v2\/pages\/805928\/revisions"}],"wp:attachment":[{"href":"https:\/\/keyztone.com\/fr\/wp-json\/wp\/v2\/media?parent=805928"}],"curies":[{"name":"wp","href":"https:\/\/api.w.org\/{rel}","templated":true}]}}